{"id":453,"date":"2022-01-11T09:40:35","date_gmt":"2022-01-11T09:40:35","guid":{"rendered":"https:\/\/demo.creativethemes.com\/blocksy\/floreo\/?page_id=2"},"modified":"2026-03-19T19:14:10","modified_gmt":"2026-03-19T18:14:10","slug":"home","status":"publish","type":"page","link":"https:\/\/liman3dr.rs\/en\/","title":{"rendered":"Home"},"content":{"rendered":"<div class=\"wp-block-stackable-columns alignfull stk-block-columns stk-block stk-3e20b48 stk-block-background stk--has-background-overlay\" data-block-id=\"3e20b48\"><style>.stk-3e20b48 {background-image:url(https:\/\/liman3dr.rs\/wp-content\/uploads\/2022\/12\/IMG-f559327f4c377a3a1e0ed9276d5572d9-V.jpg) !important;padding-top:670px !important;padding-bottom:220px !important;margin-bottom:0px !important;}@media screen and (max-width:999px){.stk-3e20b48 {padding-top:200px !important;padding-bottom:150px !important;}}@media screen and (max-width:689px){.stk-3e20b48 {padding-top:150px !important;padding-bottom:70px !important;}}<\/style><div class=\"stk-row stk-inner-blocks stk-block-content stk-content-align stk-3e20b48-column\">\n<div class=\"wp-block-stackable-column stk-block-column stk-column stk-block stk-882b043\" data-v=\"4\" data-block-id=\"882b043\"><div class=\"stk-column-wrapper stk-block-column__content stk-container stk-882b043-container stk--no-background stk--no-padding\"><div class=\"stk-block-content stk-inner-blocks stk-882b043-inner-blocks\"><\/div><\/div><\/div>\n\n\n\n<div class=\"wp-block-stackable-column stk-block-column stk-column stk-block stk-e64ef46\" data-v=\"4\" data-block-id=\"e64ef46\"><div class=\"stk-column-wrapper stk-block-column__content stk-container stk-e64ef46-container stk--no-background stk--no-padding\"><div class=\"stk-block-content stk-inner-blocks stk-e64ef46-inner-blocks\"><\/div><\/div><\/div>\n<\/div><\/div>\n\n\n\n<div class=\"wp-block-stackable-columns stk-block-columns stk-block stk-9c56317\" data-block-id=\"9c56317\"><div class=\"stk-row stk-inner-blocks stk-block-content stk-content-align stk-9c56317-column\">\n<div class=\"wp-block-stackable-column stk-block-column stk-column stk-block stk-5e438dc\" data-v=\"4\" data-block-id=\"5e438dc\"><style>.stk-5e438dc {box-shadow:none !important;}<\/style><div class=\"stk-column-wrapper stk-block-column__content stk-container stk-5e438dc-container stk--no-background stk--no-padding\"><div class=\"stk-block-content stk-inner-blocks stk-5e438dc-inner-blocks\">\n<div class=\"wp-block-gb-lottiefiles\" style=\"background-color:transparent\"><lottie-player id=\"xfxtawsr\" interactivitytype=\"none\" interactivitymode=\"none\" visibilitystart=\"0\" visibilityend=\"1\" framesstart=\"0\" framesend=\"25\" rest=\"{&quot;autoplay&quot;:true,&quot;loop&quot;:true,&quot;controls&quot;:null}\" totalframes=\"25\" mode=\"normal\" src=\"https:\/\/liman3dr.rs\/wp-content\/uploads\/2022\/12\/45653-beating-heart-icon.json\" speed=\"1\" background=\"transparent\" class=\"lottie-player mx-auto\" style=\"width:150px;height:150px\"><\/lottie-player><\/div>\n\n\n\n<div class=\"wp-block-stackable-heading stk-block-heading stk-block-heading--v2 stk-block stk-8ead537\" id=\"vase-zdravlje-je-nasa-briga\" data-block-id=\"8ead537\"><h3 class=\"stk-block-heading__text has-text-align-center\">Your health is our concern.<\/h3><\/div>\n<\/div><\/div><\/div>\n\n\n\n<div class=\"wp-block-stackable-column stk-block-column stk-column stk-block stk-6ca5c8a\" data-v=\"4\" data-block-id=\"6ca5c8a\"><div class=\"stk-column-wrapper stk-block-column__content stk-container stk-6ca5c8a-container stk--no-background stk--no-padding\"><div class=\"stk-block-content stk-inner-blocks stk-6ca5c8a-inner-blocks\">\n<div class=\"wp-block-gb-lottiefiles\" style=\"background-color:transparent\"><lottie-player id=\"gzwkuueq\" interactivitytype=\"none\" interactivitymode=\"none\" visibilitystart=\"0\" visibilityend=\"1\" framesstart=\"0\" framesend=\"25\" rest=\"{&quot;autoplay&quot;:true,&quot;loop&quot;:true,&quot;controls&quot;:null}\" totalframes=\"25\" mode=\"normal\" src=\"https:\/\/liman3dr.rs\/wp-content\/uploads\/2022\/12\/66845-stethoscope.json\" speed=\"1\" background=\"transparent\" class=\"lottie-player mx-auto\" style=\"width:150px;height:150px\"><\/lottie-player><\/div>\n\n\n\n<div class=\"wp-block-stackable-heading stk-block-heading stk-block-heading--v2 stk-block stk-4c243e0\" id=\"mi-brinemo-o-zdravlju-cele-porodice-uvek-smo-tu-za-vas\" data-block-id=\"4c243e0\"><h3 class=\"stk-block-heading__text has-text-align-center\">We care about the health of the whole family, we are always there for you.<\/h3><\/div>\n<\/div><\/div><\/div>\n<\/div><\/div>\n\n\n\n<div class=\"wp-block-stackable-columns stk-block-columns stk-block stk-67d26e4\" data-block-id=\"67d26e4\"><div class=\"stk-row stk-inner-blocks stk-block-content stk-content-align stk-67d26e4-column\">\n<div class=\"wp-block-stackable-column stk-block-column stk-column stk-block stk-3b547b6\" data-v=\"4\" data-block-id=\"3b547b6\"><div class=\"stk-column-wrapper stk-block-column__content stk-container stk-3b547b6-container stk--no-background stk--no-padding\"><div class=\"stk-block-content stk-inner-blocks stk-3b547b6-inner-blocks\">\n<div class=\"wp-block-gb-lottiefiles\" style=\"background-color:transparent\"><lottie-player id=\"exxefdph\" interactivitytype=\"none\" interactivitymode=\"none\" visibilitystart=\"0\" visibilityend=\"1\" framesstart=\"0\" framesend=\"25\" rest=\"{&quot;autoplay&quot;:true,&quot;loop&quot;:true,&quot;controls&quot;:null}\" totalframes=\"25\" mode=\"normal\" src=\"https:\/\/liman3dr.rs\/wp-content\/uploads\/2022\/12\/87305-health-online-report.json\" speed=\"1\" background=\"transparent\" class=\"lottie-player mx-auto\" style=\"width:150px;height:150px\"><\/lottie-player><\/div>\n\n\n\n<div class=\"wp-block-stackable-heading stk-block-heading stk-block-heading--v2 stk-block stk-667ac82\" id=\"nas-tim-lekara-vrsi-preglede-u-prijatnom-ambijentu-lekarske-ordinacije-ili-u-vasem-domu\" data-block-id=\"667ac82\"><h3 class=\"stk-block-heading__text has-text-align-center\">Our team of doctors performs examinations in the pleasant environment of the doctor's office or in your home.<\/h3><\/div>\n<\/div><\/div><\/div>\n\n\n\n<div class=\"wp-block-stackable-column stk-block-column stk-column stk-block stk-dc4976c\" data-v=\"4\" data-block-id=\"dc4976c\"><div class=\"stk-column-wrapper stk-block-column__content stk-container stk-dc4976c-container stk--no-background stk--no-padding\"><div class=\"stk-block-content stk-inner-blocks stk-dc4976c-inner-blocks\">\n<div class=\"wp-block-gb-lottiefiles\" style=\"background-color:transparent\"><lottie-player id=\"vztqioxh\" interactivitytype=\"none\" interactivitymode=\"none\" visibilitystart=\"0\" visibilityend=\"1\" framesstart=\"0\" framesend=\"25\" rest=\"{&quot;autoplay&quot;:true,&quot;loop&quot;:true,&quot;controls&quot;:null}\" totalframes=\"25\" mode=\"normal\" src=\"https:\/\/liman3dr.rs\/wp-content\/uploads\/2022\/12\/103051-medical-care.json\" speed=\"1\" background=\"transparent\" class=\"lottie-player mx-auto\" style=\"width:150px;height:150px\"><\/lottie-player><\/div>\n\n\n\n<div class=\"wp-block-stackable-heading stk-block-heading stk-block-heading--v2 stk-block stk-c6bcebc\" id=\"strucnost-i-iskustvo-koju-sebi-mozete-da-priustite\" data-block-id=\"c6bcebc\"><h3 class=\"stk-block-heading__text has-text-align-center\">Expertise and experience you can afford.<\/h3><\/div>\n<\/div><\/div><\/div>\n<\/div><\/div>","protected":false},"excerpt":{"rendered":"<p>Va\u0161e zdravlje je na\u0161a briga. Mi brinemo o zdravlju cele porodice, uvek smo tu za vas. Na\u0161 tim lekara vr\u0161i preglede u prijatnom ambijentu lekarske ordinacije ili u Va\u0161em domu. Stru\u010dnost i iskustvo koju sebi mo\u017eete da priu\u0161tite.<\/p>","protected":false},"author":1,"featured_media":0,"parent":0,"menu_order":0,"comment_status":"closed","ping_status":"closed","template":"","meta":{"footnotes":""},"class_list":["post-453","page","type-page","status-publish","hentry"],"blocksy_meta":{"styles_descriptor":{"styles":{"desktop":"","tablet":"","mobile":""},"google_fonts":[],"version":6},"page_title_panel":"","has_hero_section":"disabled","e68ceb4335ab7c119e2d5ec5b2d9188f":"","hero_section":"type-1","hero_elements":[{"id":"custom_title","enabled":true,"heading_tag":"h1","title":"Home"},{"id":"custom_description","enabled":true,"description_visibility":{"desktop":true,"tablet":true,"mobile":false}},{"id":"custom_meta","enabled":false,"meta_elements":[{"id":"author","enabled":true,"label":"By","has_author_avatar":"yes","avatar_size":25},{"id":"post_date","enabled":true,"label":"On","date_format_source":"default","date_format":"M j, Y"},{"id":"updated_date","enabled":false,"label":"On","date_format_source":"default","date_format":"M j, Y"},{"id":"categories","enabled":false,"label":"In","style":"simple"},{"id":"comments","enabled":true}],"page_meta_elements":{"joined":true,"articles_count":true,"comments":true}},{"id":"breadcrumbs","enabled":false}],"1bbc8c7500409e40d9f428a3492a7a93":"","hero_alignment1":"CT_CSS_SKIP_RULE","hero_margin":40,"hero_alignment2":"center","hero_vertical_alignment":"center","6474452ee5f78225228d7854efee24eb":"","hero_structure":"narrow","bf3f03cf9664cf2d7ca7fcdeafb15cb7":"","page_title_bg_type":"featured_image","custom_hero_background":{"attachment_id":null},"parallax":{"desktop":false,"tablet":false,"mobile":false},"e047d567e8f7b30027149198cc17396d":"","hero_height":"250px","pageTitleFont":{"family":"Default","variation":"Default","size":"30px","line-height":"CT_CSS_SKIP_RULE","letter-spacing":"CT_CSS_SKIP_RULE","text-transform":"CT_CSS_SKIP_RULE","text-decoration":"CT_CSS_SKIP_RULE"},"pageTitleFontColor":{"default":{"color":"CT_CSS_SKIP_RULEDEFAULT"}},"pageMetaFont":{"family":"Default","variation":"n6","size":"12px","line-height":"1.3","letter-spacing":"CT_CSS_SKIP_RULE","text-transform":"uppercase","text-decoration":"CT_CSS_SKIP_RULE"},"pageMetaFontColor":{"default":{"color":"CT_CSS_SKIP_RULEDEFAULT"},"hover":{"color":"CT_CSS_SKIP_RULEDEFAULT"}},"page_meta_button_type_font_colors":{"default":{"color":"CT_CSS_SKIP_RULEDEFAULT"},"hover":{"color":"CT_CSS_SKIP_RULEDEFAULT"}},"page_meta_button_type_background_colors":{"default":{"color":"CT_CSS_SKIP_RULEDEFAULT"},"hover":{"color":"CT_CSS_SKIP_RULEDEFAULT"}},"pageExcerptFont":{"family":"Default","variation":"Default","size":"CT_CSS_SKIP_RULE","line-height":"CT_CSS_SKIP_RULE","letter-spacing":"CT_CSS_SKIP_RULE","text-transform":"CT_CSS_SKIP_RULE","text-decoration":"CT_CSS_SKIP_RULE"},"pageExcerptColor":{"default":{"color":"CT_CSS_SKIP_RULEDEFAULT"}},"breadcrumbsFont":{"family":"Default","variation":"Default","size":"CT_CSS_SKIP_RULE","line-height":"CT_CSS_SKIP_RULE","letter-spacing":"CT_CSS_SKIP_RULE","text-transform":"CT_CSS_SKIP_RULE","text-decoration":"CT_CSS_SKIP_RULE"},"breadcrumbsFontColor":{"default":{"color":"CT_CSS_SKIP_RULEDEFAULT"},"initial":{"color":"CT_CSS_SKIP_RULEDEFAULT"},"hover":{"color":"CT_CSS_SKIP_RULEDEFAULT"}},"pageTitleOverlay":{"background_type":"color","background_pattern":"type-1","background_image":{"attachment_id":null,"x":0,"y":0},"gradient":"linear-gradient(135deg,rgba(6,147,227,1) 0%,rgb(155,81,224) 100%)","background_repeat":"repeat","background_size":"auto","background_attachment":"scroll","patternColor":{"default":{"color":"#e5e7ea"}},"overlayColor":{"default":{"color":"CT_CSS_SKIP_RULE"}},"backgroundColor":{"default":{"color":"CT_CSS_SKIP_RULE"}}},"pageTitleBackground":{"background_type":"color","background_pattern":"type-1","background_image":{"attachment_id":null,"x":0,"y":0},"gradient":"linear-gradient(135deg,rgba(6,147,227,1) 0%,rgb(155,81,224) 100%)","background_repeat":"repeat","background_size":"auto","background_attachment":"scroll","patternColor":{"default":{"color":"#e5e7ea"}},"overlayColor":{"default":{"color":"CT_CSS_SKIP_RULE"}},"backgroundColor":{"default":{"color":"var(--theme-palette-color-6)"}}},"pageTitlePadding":{"top":"50px","bottom":"50px","left":"auto","right":"auto","linked":true},"c802452ca6806b4afb83779dc4a4620a":"","page_structure_type":"default","f9550d0cc88839fa4ad31fbd035128c1":"","content_style_source":"inherit","content_style":"wide","vertical_spacing_source":"custom","content_area_spacing":"none","background":{"background_type":"color","background_pattern":"type-1","background_image":{"attachment_id":null,"x":0,"y":0},"gradient":"linear-gradient(135deg,rgba(6,147,227,1) 0%,rgb(155,81,224) 100%)","background_repeat":"repeat","background_size":"auto","background_attachment":"scroll","patternColor":{"default":{"color":"#e5e7ea"}},"overlayColor":{"default":{"color":"CT_CSS_SKIP_RULE"}},"backgroundColor":{"default":{"color":"CT_CSS_SKIP_RULE"}}},"content_background":{"background_type":"color","background_pattern":"type-1","background_image":{"attachment_id":null,"x":0,"y":0},"gradient":"linear-gradient(135deg,rgba(6,147,227,1) 0%,rgb(155,81,224) 100%)","background_repeat":"repeat","background_size":"auto","background_attachment":"scroll","patternColor":{"default":{"color":"#e5e7ea"}},"overlayColor":{"default":{"color":"CT_CSS_SKIP_RULE"}},"backgroundColor":{"default":{"color":"var(--theme-palette-color-8)"}}},"content_boxed_shadow":{"inherit":false,"blur":18,"spread":-6,"v_offset":12,"h_offset":0,"inset":false,"enable":true,"color":{"color":"rgba(34, 56, 101, 0.04)"}},"boxed_content_spacing":{"desktop":{"top":"40px","bottom":"40px","left":"40px","right":"40px","linked":true},"tablet":{"top":"35px","bottom":"35px","left":"35px","right":"35px","linked":true},"mobile":{"top":"20px","bottom":"20px","left":"20px","right":"20px","linked":true}},"content_boxed_radius":{"top":"3px","bottom":"3px","left":"3px","right":"3px","linked":true},"e2b811e882aacaee624ba2ce98848cb6":"","disable_featured_image":"no","disable_share_box":"no","disable_header":"no","disable_footer":"no"},"aioseo_notices":[],"_links":{"self":[{"href":"https:\/\/liman3dr.rs\/en\/wp-json\/wp\/v2\/pages\/453","targetHints":{"allow":["GET"]}}],"collection":[{"href":"https:\/\/liman3dr.rs\/en\/wp-json\/wp\/v2\/pages"}],"about":[{"href":"https:\/\/liman3dr.rs\/en\/wp-json\/wp\/v2\/types\/page"}],"author":[{"embeddable":true,"href":"https:\/\/liman3dr.rs\/en\/wp-json\/wp\/v2\/users\/1"}],"replies":[{"embeddable":true,"href":"https:\/\/liman3dr.rs\/en\/wp-json\/wp\/v2\/comments?post=453"}],"version-history":[{"count":2,"href":"https:\/\/liman3dr.rs\/en\/wp-json\/wp\/v2\/pages\/453\/revisions"}],"predecessor-version":[{"id":1666,"href":"https:\/\/liman3dr.rs\/en\/wp-json\/wp\/v2\/pages\/453\/revisions\/1666"}],"wp:attachment":[{"href":"https:\/\/liman3dr.rs\/en\/wp-json\/wp\/v2\/media?parent=453"}],"curies":[{"name":"wp","href":"https:\/\/api.w.org\/{rel}","templated":true}]}}