{"id":731,"date":"2022-12-04T14:53:46","date_gmt":"2022-12-04T14:53:46","guid":{"rendered":"https:\/\/liman3dr.rs\/?page_id=731"},"modified":"2024-10-01T12:46:09","modified_gmt":"2024-10-01T11:46:09","slug":"cenovnik","status":"publish","type":"page","link":"https:\/\/liman3dr.rs\/en\/cenovnik\/","title":{"rendered":"price list"},"content":{"rendered":"<div class=\"wp-block-stackable-heading stk-block-heading stk-block-heading--v2 stk-block stk-f4f2b7a\" id=\"cenovnik-usluga\" data-block-id=\"f4f2b7a\"><style>.stk-f4f2b7a .stk-block-heading__text{color:var(--theme-palette-color-3, #434f58) !important;}<\/style><h1 class=\"stk-block-heading__text has-text-color has-text-align-center stk-block-heading--use-theme-margins\">Price List<\/h1><\/div>\n\n\n\n<figure class=\"wp-block-table is-style-stripes\"><table class=\"has-border-color has-palette-color-1-border-color\" style=\"border-width:1px\"><tbody><tr><td>Basic examination in the doctor's office<br><em>includes, if necessary, body temperature measurement,<\/em><br><em>measurement of body height and weight, measurement of blood pressure<\/em><br><em>and pulse, O2 saturation measurement, otoscopy, ophthalmoscopy,<\/em><br><em>auscultation of the lungs and heart, examination of the throat, nose...<\/em><\/td><td>2.500 rsd<\/td><\/tr><tr><td>Home visit&nbsp;&nbsp;&nbsp;&nbsp;<\/td><td>5.000 rsd<\/td><\/tr><tr><td>ECG<\/td><td>700 rsd<\/td><\/tr><tr><td>Spirometry<\/td><td>1.000 rsd<\/td><\/tr><tr><td>Ear washing (one or both ears)<\/td><td>2.500 rsd<\/td><\/tr><tr><td>Infusion (500 ml solution)<\/td><td>2.000 rsd<\/td><\/tr><tr><td>Injection - administration<\/td><td>500 rsd<\/td><\/tr><tr><td>Dressings and minor surgical intervention<\/td><td>od 1.500 rsd<\/td><\/tr><tr><td>Additional diagnostics<\/td><td>od 500 rsd<\/td><\/tr><tr><td>Medicine in ampoule (injection or infusion)<\/td><td>200 rsd<\/td><\/tr><tr><td>Flu vaccine (including basic check-up)<\/td><td>3.000 rsd<\/td><\/tr><tr><td>A systematic review<br><em>the price of the systematic review does not include services<\/em><br><em>diagnostics performed outside Liman3Dr<\/em><br><em>(X-ray, ultrasound, laboratory tests, etc.)<\/em><\/td><td>6.000 rsd<\/td><\/tr><tr><td>Kontrolni pregled<\/td><td>1.500 rsd<\/td><\/tr><\/tbody><\/table><\/figure>\n\n\n\n<div class=\"wp-block-stackable-heading stk-block-heading stk-block-heading--v2 stk-block stk-34d1996\" id=\"strong-napomena-strong-placanje-iskljucivo-gotovinom\" data-block-id=\"34d1996\"><h4 class=\"stk-block-heading__text\"><strong>NOTE:&nbsp; <\/strong>PAYMENT ONLY IN CASH<\/h4><\/div>\n\n\n\n<p><\/p>","protected":false},"excerpt":{"rendered":"<p>Cenovnik Usluga Osnovni pregled u ordinacijiuklju\u010duje po potrebi merenje telesne temperature,merenje telesne visine i te\u017eine, merenje krvnog pritiskai pulsa, merenje saturacije O2, otoskopija, oftalmoskopija,auskultacija plu\u0107a i srca, pregled grla, nosa&#8230; 2.500 rsd Ku\u0107na poseta&nbsp;&nbsp;&nbsp;&nbsp; 5.000 rsd EKG 700 rsd Spirometrija 1.000 rsd Ispiranje u\u0161iju (jedno ili oba uha) 2.500 rsd Infuzija (500 ml rastvora) 2.000 [&hellip;]<\/p>\n","protected":false},"author":1,"featured_media":0,"parent":0,"menu_order":0,"comment_status":"closed","ping_status":"closed","template":"","meta":{"footnotes":""},"class_list":["post-731","page","type-page","status-publish","hentry"],"blocksy_meta":{"styles_descriptor":{"styles":{"desktop":"","tablet":"","mobile":""},"google_fonts":[],"version":6},"page_title_panel":"","has_hero_section":"disabled","e68ceb4335ab7c119e2d5ec5b2d9188f":"","hero_section":"type-1","hero_elements":[{"id":"custom_title","enabled":true,"heading_tag":"h1","title":"Home"},{"id":"custom_description","enabled":true,"description_visibility":{"desktop":true,"tablet":true,"mobile":false}},{"id":"custom_meta","enabled":false,"meta_elements":[{"id":"author","enabled":true,"label":"By","has_author_avatar":"yes","avatar_size":25},{"id":"post_date","enabled":true,"label":"On","date_format_source":"default","date_format":"M j, Y"},{"id":"updated_date","enabled":false,"label":"On","date_format_source":"default","date_format":"M j, Y"},{"id":"categories","enabled":false,"label":"In","style":"simple"},{"id":"comments","enabled":true}],"page_meta_elements":{"joined":true,"articles_count":true,"comments":true}},{"id":"breadcrumbs","enabled":false}],"1bbc8c7500409e40d9f428a3492a7a93":"","hero_alignment1":"CT_CSS_SKIP_RULE","hero_margin":40,"hero_alignment2":"center","hero_vertical_alignment":"center","6474452ee5f78225228d7854efee24eb":"","hero_structure":"narrow","bf3f03cf9664cf2d7ca7fcdeafb15cb7":"","page_title_bg_type":"featured_image","custom_hero_background":{"attachment_id":null},"parallax":{"desktop":false,"tablet":false,"mobile":false},"e047d567e8f7b30027149198cc17396d":"","hero_height":"250px","pageTitleFont":{"family":"Default","variation":"Default","size":"30px","line-height":"CT_CSS_SKIP_RULE","letter-spacing":"CT_CSS_SKIP_RULE","text-transform":"CT_CSS_SKIP_RULE","text-decoration":"CT_CSS_SKIP_RULE"},"pageTitleFontColor":{"default":{"color":"CT_CSS_SKIP_RULEDEFAULT"}},"pageMetaFont":{"family":"Default","variation":"n6","size":"12px","line-height":"1.3","letter-spacing":"CT_CSS_SKIP_RULE","text-transform":"uppercase","text-decoration":"CT_CSS_SKIP_RULE"},"pageMetaFontColor":{"default":{"color":"CT_CSS_SKIP_RULEDEFAULT"},"hover":{"color":"CT_CSS_SKIP_RULEDEFAULT"}},"page_meta_button_type_font_colors":{"default":{"color":"CT_CSS_SKIP_RULEDEFAULT"},"hover":{"color":"CT_CSS_SKIP_RULEDEFAULT"}},"page_meta_button_type_background_colors":{"default":{"color":"CT_CSS_SKIP_RULEDEFAULT"},"hover":{"color":"CT_CSS_SKIP_RULEDEFAULT"}},"pageExcerptFont":{"family":"Default","variation":"Default","size":"CT_CSS_SKIP_RULE","line-height":"CT_CSS_SKIP_RULE","letter-spacing":"CT_CSS_SKIP_RULE","text-transform":"CT_CSS_SKIP_RULE","text-decoration":"CT_CSS_SKIP_RULE"},"pageExcerptColor":{"default":{"color":"CT_CSS_SKIP_RULEDEFAULT"}},"breadcrumbsFont":{"family":"Default","variation":"Default","size":"CT_CSS_SKIP_RULE","line-height":"CT_CSS_SKIP_RULE","letter-spacing":"CT_CSS_SKIP_RULE","text-transform":"CT_CSS_SKIP_RULE","text-decoration":"CT_CSS_SKIP_RULE"},"breadcrumbsFontColor":{"default":{"color":"CT_CSS_SKIP_RULEDEFAULT"},"initial":{"color":"CT_CSS_SKIP_RULEDEFAULT"},"hover":{"color":"CT_CSS_SKIP_RULEDEFAULT"}},"pageTitleOverlay":{"background_type":"color","background_pattern":"type-1","background_image":{"attachment_id":null,"x":0,"y":0},"gradient":"linear-gradient(135deg,rgba(6,147,227,1) 0%,rgb(155,81,224) 100%)","background_repeat":"repeat","background_size":"auto","background_attachment":"scroll","patternColor":{"default":{"color":"#e5e7ea"}},"overlayColor":{"default":{"color":"CT_CSS_SKIP_RULE"}},"backgroundColor":{"default":{"color":"CT_CSS_SKIP_RULE"}}},"pageTitleBackground":{"background_type":"color","background_pattern":"type-1","background_image":{"attachment_id":null,"x":0,"y":0},"gradient":"linear-gradient(135deg,rgba(6,147,227,1) 0%,rgb(155,81,224) 100%)","background_repeat":"repeat","background_size":"auto","background_attachment":"scroll","patternColor":{"default":{"color":"#e5e7ea"}},"overlayColor":{"default":{"color":"CT_CSS_SKIP_RULE"}},"backgroundColor":{"default":{"color":"var(--theme-palette-color-6)"}}},"pageTitlePadding":{"top":"50px","bottom":"50px","left":"auto","right":"auto","linked":true},"c802452ca6806b4afb83779dc4a4620a":"","page_structure_type":"default","f9550d0cc88839fa4ad31fbd035128c1":"","content_style_source":"inherit","content_style":"wide","vertical_spacing_source":"custom","content_area_spacing":"none","background":{"background_type":"color","background_pattern":"type-1","background_image":{"attachment_id":null,"x":0,"y":0},"gradient":"linear-gradient(135deg,rgba(6,147,227,1) 0%,rgb(155,81,224) 100%)","background_repeat":"repeat","background_size":"auto","background_attachment":"scroll","patternColor":{"default":{"color":"#e5e7ea"}},"overlayColor":{"default":{"color":"CT_CSS_SKIP_RULE"}},"backgroundColor":{"default":{"color":"CT_CSS_SKIP_RULE"}}},"content_background":{"background_type":"color","background_pattern":"type-1","background_image":{"attachment_id":null,"x":0,"y":0},"gradient":"linear-gradient(135deg,rgba(6,147,227,1) 0%,rgb(155,81,224) 100%)","background_repeat":"repeat","background_size":"auto","background_attachment":"scroll","patternColor":{"default":{"color":"#e5e7ea"}},"overlayColor":{"default":{"color":"CT_CSS_SKIP_RULE"}},"backgroundColor":{"default":{"color":"var(--theme-palette-color-8)"}}},"content_boxed_shadow":{"inherit":false,"blur":18,"spread":-6,"v_offset":12,"h_offset":0,"inset":false,"enable":true,"color":{"color":"rgba(34, 56, 101, 0.04)"}},"boxed_content_spacing":{"desktop":{"top":"40px","bottom":"40px","left":"40px","right":"40px","linked":true},"tablet":{"top":"35px","bottom":"35px","left":"35px","right":"35px","linked":true},"mobile":{"top":"20px","bottom":"20px","left":"20px","right":"20px","linked":true}},"content_boxed_radius":{"top":"3px","bottom":"3px","left":"3px","right":"3px","linked":true},"e2b811e882aacaee624ba2ce98848cb6":"","disable_featured_image":"no","disable_share_box":"no","disable_header":"no","disable_footer":"no"},"aioseo_notices":[],"_links":{"self":[{"href":"https:\/\/liman3dr.rs\/en\/wp-json\/wp\/v2\/pages\/731","targetHints":{"allow":["GET"]}}],"collection":[{"href":"https:\/\/liman3dr.rs\/en\/wp-json\/wp\/v2\/pages"}],"about":[{"href":"https:\/\/liman3dr.rs\/en\/wp-json\/wp\/v2\/types\/page"}],"author":[{"embeddable":true,"href":"https:\/\/liman3dr.rs\/en\/wp-json\/wp\/v2\/users\/1"}],"replies":[{"embeddable":true,"href":"https:\/\/liman3dr.rs\/en\/wp-json\/wp\/v2\/comments?post=731"}],"version-history":[{"count":2,"href":"https:\/\/liman3dr.rs\/en\/wp-json\/wp\/v2\/pages\/731\/revisions"}],"predecessor-version":[{"id":1659,"href":"https:\/\/liman3dr.rs\/en\/wp-json\/wp\/v2\/pages\/731\/revisions\/1659"}],"wp:attachment":[{"href":"https:\/\/liman3dr.rs\/en\/wp-json\/wp\/v2\/media?parent=731"}],"curies":[{"name":"wp","href":"https:\/\/api.w.org\/{rel}","templated":true}]}}