{"id":732,"date":"2022-12-04T14:56:35","date_gmt":"2022-12-04T14:56:35","guid":{"rendered":"https:\/\/liman3dr.rs\/?page_id=732"},"modified":"2023-01-10T12:00:56","modified_gmt":"2023-01-10T11:00:56","slug":"o-nama","status":"publish","type":"page","link":"https:\/\/liman3dr.rs\/en\/o-nama\/","title":{"rendered":"About us"},"content":{"rendered":"<div class=\"wp-block-stackable-columns alignfull stk-block-columns stk-block stk-3e20b48 stk-block-background stk--has-background-overlay\" data-block-id=\"3e20b48\"><style>.stk-3e20b48{background-image:url(https:\/\/liman3dr.rs\/wp-content\/uploads\/2022\/12\/national-cancer-institute-NFvdKIhxYlU-unsplash-scaled.jpg) !important}.stk-3e20b48:before{opacity:0 !important}.stk-3e20b48{padding-top:850px !important;padding-bottom:100px !important;margin-bottom:0px !important}@media screen and (max-width:999px){.stk-3e20b48{padding-top:200px !important;padding-bottom:150px !important}}@media screen and (max-width:689px){.stk-3e20b48{padding-top:150px !important;padding-bottom:70px !important}}<\/style><div class=\"stk-row stk-inner-blocks stk-block-content stk-content-align stk-3e20b48-column\">\n<div class=\"wp-block-stackable-column stk-block-column stk-block-column--v2 stk-column stk-block stk-882b043\" data-block-id=\"882b043\"><div class=\"stk-column-wrapper stk-block-column__content stk-container stk-882b043-container stk--no-background stk--no-padding\"><div class=\"stk-block-content stk-inner-blocks stk-882b043-inner-blocks\"><\/div><\/div><\/div>\n<\/div><\/div>\n\n\n\n<div class=\"wp-block-stackable-divider stk-block-divider stk-block stk-351b556\" data-block-id=\"351b556\"><hr class=\"stk-block-divider__hr\"\/><\/div>\n\n\n\n<div class=\"wp-block-stackable-columns alignwide stk-block-columns stk-block stk-378a2d0\" data-block-id=\"378a2d0\"><div class=\"stk-row stk-inner-blocks stk-block-content stk-content-align stk-378a2d0-column alignwide\">\n<div class=\"wp-block-stackable-column stk-block-column stk-block-column--v2 stk-column stk-block stk-de77914 stk-block-background\" data-block-id=\"de77914\"><style>.stk-de77914{padding-top:64px !important;padding-bottom:64px !important}<\/style><div class=\"stk-column-wrapper stk-block-column__content stk-container stk-de77914-container stk--no-background stk--no-padding\"><div class=\"stk-block-content stk-inner-blocks stk-de77914-inner-blocks\">\n<div class=\"wp-block-stackable-heading stk-block-heading stk-block stk-ddf4a65\" id=\"o-nama\" data-block-id=\"ddf4a65\"><h1 class=\"stk-block-heading__text has-text-align-center\">About us<\/h1><\/div>\n\n\n\n<div class=\"wp-block-stackable-text stk-block-text stk-block stk-17362b8\" data-block-id=\"17362b8\"><p class=\"stk-block-text__text has-text-align-center\">In developed countries, the family doctor is a pillar of the health care system of the population. Good knowledge of patients, their history, habits, life circumstances (family and business) is a basic prerequisite for quality primary health care. Our team of 3 doctors performs examinations not only in an adequately equipped office, but also in your homes. You can schedule a consultation by phone, we are available at any time at Liman 3. In addition to diagnostics and treatment, extensive prevention is carried out, which includes, among other things, quitting smoking, getting rid of stress, excess weight, and introducing healthy lifestyle habits. If necessary, we connect you with carefully selected specialists from all fields of medicine.<\/p><\/div>\n<\/div><\/div><\/div>\n\n\n\n<div class=\"wp-block-stackable-column stk-block-column stk-block-column--v2 stk-column stk-block stk-5f1fad5 stk-block-background stk--has-background-overlay\" data-block-id=\"5f1fad5\"><style>.stk-5f1fad5{background-image:url(https:\/\/d3gt1urn7320t9.cloudfront.net\/library-v3\/section-wireframes-call-to-action-3\/d7a363e397fc.png) !important}<\/style><div class=\"stk-column-wrapper stk-block-column__content stk-container stk-5f1fad5-container stk--no-background stk--no-padding\"><div class=\"stk-block-content stk-inner-blocks stk-5f1fad5-inner-blocks\">\n<div class=\"wp-block-stackable-image stk-block-image stk-block stk-a846c34\" data-block-id=\"a846c34\"><figure class=\"stk-img-wrapper stk-image--shape-stretch\"><img loading=\"lazy\" decoding=\"async\" class=\"stk-img wp-image-970\" src=\"https:\/\/liman3dr.rs\/wp-content\/uploads\/2022\/12\/IMG-cb39b7216dddbb3fb1f2165f44f9631d-V.jpg\" width=\"1280\" height=\"853\" srcset=\"https:\/\/liman3dr.rs\/wp-content\/uploads\/2022\/12\/IMG-cb39b7216dddbb3fb1f2165f44f9631d-V.jpg 1280w, https:\/\/liman3dr.rs\/wp-content\/uploads\/2022\/12\/IMG-cb39b7216dddbb3fb1f2165f44f9631d-V-300x200.jpg 300w, https:\/\/liman3dr.rs\/wp-content\/uploads\/2022\/12\/IMG-cb39b7216dddbb3fb1f2165f44f9631d-V-1024x682.jpg 1024w, https:\/\/liman3dr.rs\/wp-content\/uploads\/2022\/12\/IMG-cb39b7216dddbb3fb1f2165f44f9631d-V-768x512.jpg 768w\" sizes=\"auto, (max-width: 1280px) 100vw, 1280px\" \/><\/figure><\/div>\n<\/div><\/div><\/div>\n<\/div><\/div>\n\n\n\n<div class=\"wp-block-stackable-divider stk-block-divider stk-block stk-12856af\" data-block-id=\"12856af\"><hr class=\"stk-block-divider__hr\"\/><\/div>","protected":false},"excerpt":{"rendered":"<p>O nama U razvijenim zemljama porodi\u010dni lekar je stub sistema zdravstvene za\u0161tite populacije. Dobro poznavanje pacijenata, njihove istorije, navika, \u017eivotnih okolnosti (porodi\u010dnih i poslovnih) je osnovni preduslov za kvalitetnu primarnu zdravstvenu za\u0161titu. Na\u0161 tim, od 3 lekara, vr\u0161i preglede ne samo u adekvatno opremljenoj ordinaciji, ve\u0107 i u Va\u0161im domovima. Konsultaciju mo\u017eete zakazati telefonom, dostupni [&hellip;]<\/p>\n","protected":false},"author":1,"featured_media":0,"parent":0,"menu_order":0,"comment_status":"closed","ping_status":"closed","template":"","meta":{"footnotes":""},"class_list":["post-732","page","type-page","status-publish","hentry"],"blocksy_meta":{"styles_descriptor":{"styles":{"desktop":"","tablet":"","mobile":""},"google_fonts":[],"version":6},"page_title_panel":"","has_hero_section":"disabled","e68ceb4335ab7c119e2d5ec5b2d9188f":"","hero_section":"type-1","hero_elements":[{"id":"custom_title","enabled":true,"heading_tag":"h1","title":"Home"},{"id":"custom_description","enabled":true,"description_visibility":{"desktop":true,"tablet":true,"mobile":false}},{"id":"custom_meta","enabled":false,"meta_elements":[{"id":"author","enabled":true,"label":"By","has_author_avatar":"yes","avatar_size":25},{"id":"post_date","enabled":true,"label":"On","date_format_source":"default","date_format":"M j, Y"},{"id":"updated_date","enabled":false,"label":"On","date_format_source":"default","date_format":"M j, Y"},{"id":"categories","enabled":false,"label":"In","style":"simple"},{"id":"comments","enabled":true}],"page_meta_elements":{"joined":true,"articles_count":true,"comments":true}},{"id":"breadcrumbs","enabled":false}],"1bbc8c7500409e40d9f428a3492a7a93":"","hero_alignment1":"CT_CSS_SKIP_RULE","hero_margin":40,"hero_alignment2":"center","hero_vertical_alignment":"center","6474452ee5f78225228d7854efee24eb":"","hero_structure":"narrow","bf3f03cf9664cf2d7ca7fcdeafb15cb7":"","page_title_bg_type":"featured_image","custom_hero_background":{"attachment_id":null},"parallax":{"desktop":false,"tablet":false,"mobile":false},"e047d567e8f7b30027149198cc17396d":"","hero_height":"250px","pageTitleFont":{"family":"Default","variation":"Default","size":"30px","line-height":"CT_CSS_SKIP_RULE","letter-spacing":"CT_CSS_SKIP_RULE","text-transform":"CT_CSS_SKIP_RULE","text-decoration":"CT_CSS_SKIP_RULE"},"pageTitleFontColor":{"default":{"color":"CT_CSS_SKIP_RULEDEFAULT"}},"pageMetaFont":{"family":"Default","variation":"n6","size":"12px","line-height":"1.3","letter-spacing":"CT_CSS_SKIP_RULE","text-transform":"uppercase","text-decoration":"CT_CSS_SKIP_RULE"},"pageMetaFontColor":{"default":{"color":"CT_CSS_SKIP_RULEDEFAULT"},"hover":{"color":"CT_CSS_SKIP_RULEDEFAULT"}},"page_meta_button_type_font_colors":{"default":{"color":"CT_CSS_SKIP_RULEDEFAULT"},"hover":{"color":"CT_CSS_SKIP_RULEDEFAULT"}},"page_meta_button_type_background_colors":{"default":{"color":"CT_CSS_SKIP_RULEDEFAULT"},"hover":{"color":"CT_CSS_SKIP_RULEDEFAULT"}},"pageExcerptFont":{"family":"Default","variation":"Default","size":"CT_CSS_SKIP_RULE","line-height":"CT_CSS_SKIP_RULE","letter-spacing":"CT_CSS_SKIP_RULE","text-transform":"CT_CSS_SKIP_RULE","text-decoration":"CT_CSS_SKIP_RULE"},"pageExcerptColor":{"default":{"color":"CT_CSS_SKIP_RULEDEFAULT"}},"breadcrumbsFont":{"family":"Default","variation":"Default","size":"CT_CSS_SKIP_RULE","line-height":"CT_CSS_SKIP_RULE","letter-spacing":"CT_CSS_SKIP_RULE","text-transform":"CT_CSS_SKIP_RULE","text-decoration":"CT_CSS_SKIP_RULE"},"breadcrumbsFontColor":{"default":{"color":"CT_CSS_SKIP_RULEDEFAULT"},"initial":{"color":"CT_CSS_SKIP_RULEDEFAULT"},"hover":{"color":"CT_CSS_SKIP_RULEDEFAULT"}},"pageTitleOverlay":{"background_type":"color","background_pattern":"type-1","background_image":{"attachment_id":null,"x":0,"y":0},"gradient":"linear-gradient(135deg,rgba(6,147,227,1) 0%,rgb(155,81,224) 100%)","background_repeat":"repeat","background_size":"auto","background_attachment":"scroll","patternColor":{"default":{"color":"#e5e7ea"}},"overlayColor":{"default":{"color":"CT_CSS_SKIP_RULE"}},"backgroundColor":{"default":{"color":"CT_CSS_SKIP_RULE"}}},"pageTitleBackground":{"background_type":"color","background_pattern":"type-1","background_image":{"attachment_id":null,"x":0,"y":0},"gradient":"linear-gradient(135deg,rgba(6,147,227,1) 0%,rgb(155,81,224) 100%)","background_repeat":"repeat","background_size":"auto","background_attachment":"scroll","patternColor":{"default":{"color":"#e5e7ea"}},"overlayColor":{"default":{"color":"CT_CSS_SKIP_RULE"}},"backgroundColor":{"default":{"color":"var(--theme-palette-color-6)"}}},"pageTitlePadding":{"top":"50px","bottom":"50px","left":"auto","right":"auto","linked":true},"c802452ca6806b4afb83779dc4a4620a":"","page_structure_type":"default","f9550d0cc88839fa4ad31fbd035128c1":"","content_style_source":"inherit","content_style":"wide","vertical_spacing_source":"custom","content_area_spacing":"none","background":{"background_type":"color","background_pattern":"type-1","background_image":{"attachment_id":null,"x":0,"y":0},"gradient":"linear-gradient(135deg,rgba(6,147,227,1) 0%,rgb(155,81,224) 100%)","background_repeat":"repeat","background_size":"auto","background_attachment":"scroll","patternColor":{"default":{"color":"#e5e7ea"}},"overlayColor":{"default":{"color":"CT_CSS_SKIP_RULE"}},"backgroundColor":{"default":{"color":"CT_CSS_SKIP_RULE"}}},"content_background":{"background_type":"color","background_pattern":"type-1","background_image":{"attachment_id":null,"x":0,"y":0},"gradient":"linear-gradient(135deg,rgba(6,147,227,1) 0%,rgb(155,81,224) 100%)","background_repeat":"repeat","background_size":"auto","background_attachment":"scroll","patternColor":{"default":{"color":"#e5e7ea"}},"overlayColor":{"default":{"color":"CT_CSS_SKIP_RULE"}},"backgroundColor":{"default":{"color":"var(--theme-palette-color-8)"}}},"content_boxed_shadow":{"inherit":false,"blur":18,"spread":-6,"v_offset":12,"h_offset":0,"inset":false,"enable":true,"color":{"color":"rgba(34, 56, 101, 0.04)"}},"boxed_content_spacing":{"desktop":{"top":"40px","bottom":"40px","left":"40px","right":"40px","linked":true},"tablet":{"top":"35px","bottom":"35px","left":"35px","right":"35px","linked":true},"mobile":{"top":"20px","bottom":"20px","left":"20px","right":"20px","linked":true}},"content_boxed_radius":{"top":"3px","bottom":"3px","left":"3px","right":"3px","linked":true},"e2b811e882aacaee624ba2ce98848cb6":"","disable_featured_image":"no","disable_share_box":"no","disable_header":"no","disable_footer":"no"},"aioseo_notices":[],"_links":{"self":[{"href":"https:\/\/liman3dr.rs\/en\/wp-json\/wp\/v2\/pages\/732","targetHints":{"allow":["GET"]}}],"collection":[{"href":"https:\/\/liman3dr.rs\/en\/wp-json\/wp\/v2\/pages"}],"about":[{"href":"https:\/\/liman3dr.rs\/en\/wp-json\/wp\/v2\/types\/page"}],"author":[{"embeddable":true,"href":"https:\/\/liman3dr.rs\/en\/wp-json\/wp\/v2\/users\/1"}],"replies":[{"embeddable":true,"href":"https:\/\/liman3dr.rs\/en\/wp-json\/wp\/v2\/comments?post=732"}],"version-history":[{"count":0,"href":"https:\/\/liman3dr.rs\/en\/wp-json\/wp\/v2\/pages\/732\/revisions"}],"wp:attachment":[{"href":"https:\/\/liman3dr.rs\/en\/wp-json\/wp\/v2\/media?parent=732"}],"curies":[{"name":"wp","href":"https:\/\/api.w.org\/{rel}","templated":true}]}}