{"id":733,"date":"2022-12-04T14:58:27","date_gmt":"2022-12-04T14:58:27","guid":{"rendered":"https:\/\/liman3dr.rs\/?page_id=733"},"modified":"2023-01-10T12:07:55","modified_gmt":"2023-01-10T11:07:55","slug":"lekari","status":"publish","type":"page","link":"https:\/\/liman3dr.rs\/en\/lekari\/","title":{"rendered":"Doctors"},"content":{"rendered":"<div class=\"wp-block-stackable-columns alignfull stk-block-columns stk-block stk-3e20b48 stk-block-background stk--has-background-overlay\" data-block-id=\"3e20b48\"><style>.stk-3e20b48{background-image:url(https:\/\/liman3dr.rs\/wp-content\/uploads\/2022\/12\/IMG-c803095ee4981db3675c78dbd915e6a2-V.jpg) !important}.stk-3e20b48:before{opacity:0 !important}.stk-3e20b48{min-height:0px !important;padding-top:1000px !important;padding-bottom:150px !important}@media screen and (max-width:999px){.stk-3e20b48{padding-top:200px !important;padding-bottom:150px !important}}@media screen and (max-width:689px){.stk-3e20b48{padding-top:150px !important;padding-bottom:70px !important}}<\/style><div class=\"stk-row stk-inner-blocks stk-block-content stk-content-align stk-3e20b48-column\">\n<div class=\"wp-block-stackable-column stk-block-column stk-block-column--v2 stk-column stk-block stk-882b043\" data-block-id=\"882b043\"><div class=\"stk-column-wrapper stk-block-column__content stk-container stk-882b043-container stk--no-background stk--no-padding\"><div class=\"stk-block-content stk-inner-blocks stk-882b043-inner-blocks\"><\/div><\/div><\/div>\n<\/div><\/div>\n\n\n\n<div class=\"wp-block-stackable-team-member stk-block-team-member stk-block stk-0b3400d is-style-default\" data-block-id=\"0b3400d\"><div class=\"stk-block-team-member__content stk-content-align stk-0b3400d-column stk-container stk-0b3400d-container stk-hover-parent\"><div class=\"stk-block-content stk-inner-blocks has-text-align-center\">\n<div class=\"wp-block-stackable-image stk-block-image stk-block stk-f429208\" data-block-id=\"f429208\"><style>.stk-f429208 .stk-img-wrapper{width:150px !important;height:150px !important}.stk-f429208 .stk-img-wrapper img,.stk-f429208 .stk-img-wrapper::after,.stk-f429208 .stk-img-wrapper::before{mask-image:url('data:image\/svg+xml;base64,PHN2ZyB4bWxucz0iaHR0cDovL3d3dy53My5vcmcvMjAwMC9zdmciIHZpZXdCb3g9IjAgMCAxMDAgMTAwIiBwcmVzZXJ2ZUFzcGVjdFJhdGlvPSJub25lIj48Y2lyY2xlIGN4PSI1MCIgY3k9IjUwIiByPSI1MCI+PC9jaXJjbGU+PC9zdmc+') !important;-webkit-mask-image:url('data:image\/svg+xml;base64,PHN2ZyB4bWxucz0iaHR0cDovL3d3dy53My5vcmcvMjAwMC9zdmciIHZpZXdCb3g9IjAgMCAxMDAgMTAwIiBwcmVzZXJ2ZUFzcGVjdFJhdGlvPSJub25lIj48Y2lyY2xlIGN4PSI1MCIgY3k9IjUwIiByPSI1MCI+PC9jaXJjbGU+PC9zdmc+') !important}<\/style><figure class=\"stk-img-wrapper stk-img--shape stk-image--shape-stretch\"><img loading=\"lazy\" decoding=\"async\" class=\"stk-img wp-image-851\" src=\"https:\/\/liman3dr.rs\/wp-content\/uploads\/2022\/12\/IMG_20191207_201433.jpg\" width=\"640\" height=\"640\" srcset=\"https:\/\/liman3dr.rs\/wp-content\/uploads\/2022\/12\/IMG_20191207_201433.jpg 640w, https:\/\/liman3dr.rs\/wp-content\/uploads\/2022\/12\/IMG_20191207_201433-300x300.jpg 300w, https:\/\/liman3dr.rs\/wp-content\/uploads\/2022\/12\/IMG_20191207_201433-150x150.jpg 150w\" sizes=\"auto, (max-width: 640px) 100vw, 640px\" \/><\/figure><\/div>\n\n\n\n<div class=\"wp-block-stackable-heading stk-block-heading stk-block stk-9f123ad\" id=\"strong-dr-vladimir-kraljevic-strong\" data-block-id=\"9f123ad\"><style>.stk-9f123ad .stk-block-heading__text{margin:0 !important}<\/style><h1 class=\"stk-block-heading__text\"><strong>Dr Vladimir Kraljevi\u0107<\/strong><\/h1><\/div>\n\n\n\n<div class=\"wp-block-stackable-text stk-block-text stk-block stk-25c5194\" data-block-id=\"25c5194\"><p class=\"stk-block-text__text\">graduated from the Faculty of Medicine in Novi Sad in 1985. He has many years of experience in pediatric surgery and other surgical disciplines. Master's degree in general surgery. He worked at the Faculty of Medicine of the University of Cape Town (Republic of South Africa) at the Cardiology Research Institute. Master's degree at the Australian Bond University - MBA (master of business administration) He gained many years of experience in the medical and pharmaceutical industry, as well as in consulting for opening new businesses. Volenterski worked in several private practices and clinics in the South African Republic. Perfect knowledge of the English language.<\/p><\/div>\n<\/div><\/div><\/div>\n\n\n\n<div class=\"wp-block-stackable-team-member stk-block-team-member stk-block stk-611d027 is-style-default\" data-block-id=\"611d027\"><div class=\"stk-block-team-member__content stk-content-align stk-611d027-column stk-container stk-611d027-container stk-hover-parent\"><div class=\"stk-block-content stk-inner-blocks has-text-align-center\">\n<div class=\"wp-block-stackable-image stk-block-image stk-block stk-140e5e8\" data-block-id=\"140e5e8\"><style>.stk-140e5e8 .stk-img-wrapper{width:150px !important;height:150px !important}.stk-140e5e8 .stk-img-wrapper img,.stk-140e5e8 .stk-img-wrapper::after,.stk-140e5e8 .stk-img-wrapper::before{mask-image:url('data:image\/svg+xml;base64,PHN2ZyB4bWxucz0iaHR0cDovL3d3dy53My5vcmcvMjAwMC9zdmciIHZpZXdCb3g9IjAgMCAxMDAgMTAwIiBwcmVzZXJ2ZUFzcGVjdFJhdGlvPSJub25lIj48Y2lyY2xlIGN4PSI1MCIgY3k9IjUwIiByPSI1MCI+PC9jaXJjbGU+PC9zdmc+') !important;-webkit-mask-image:url('data:image\/svg+xml;base64,PHN2ZyB4bWxucz0iaHR0cDovL3d3dy53My5vcmcvMjAwMC9zdmciIHZpZXdCb3g9IjAgMCAxMDAgMTAwIiBwcmVzZXJ2ZUFzcGVjdFJhdGlvPSJub25lIj48Y2lyY2xlIGN4PSI1MCIgY3k9IjUwIiByPSI1MCI+PC9jaXJjbGU+PC9zdmc+') !important}<\/style><figure class=\"stk-img-wrapper stk-img--shape stk-image--shape-stretch\"><img loading=\"lazy\" decoding=\"async\" class=\"stk-img wp-image-1003\" src=\"https:\/\/liman3dr.rs\/wp-content\/uploads\/2022\/12\/IMG-fd1ed8cdfc3b91d5a4a51f0089c23039-V.jpg\" width=\"1280\" height=\"853\" srcset=\"https:\/\/liman3dr.rs\/wp-content\/uploads\/2022\/12\/IMG-fd1ed8cdfc3b91d5a4a51f0089c23039-V.jpg 1280w, https:\/\/liman3dr.rs\/wp-content\/uploads\/2022\/12\/IMG-fd1ed8cdfc3b91d5a4a51f0089c23039-V-300x200.jpg 300w, https:\/\/liman3dr.rs\/wp-content\/uploads\/2022\/12\/IMG-fd1ed8cdfc3b91d5a4a51f0089c23039-V-1024x682.jpg 1024w, https:\/\/liman3dr.rs\/wp-content\/uploads\/2022\/12\/IMG-fd1ed8cdfc3b91d5a4a51f0089c23039-V-768x512.jpg 768w\" sizes=\"auto, (max-width: 1280px) 100vw, 1280px\" \/><\/figure><\/div>\n\n\n\n<div class=\"wp-block-stackable-heading stk-block-heading stk-block stk-d787494\" id=\"strong-prim-dr-tomislav-trecakov-strong\" data-block-id=\"d787494\"><style>.stk-d787494 .stk-block-heading__text{margin:0 !important}<\/style><h2 class=\"stk-block-heading__text\"><strong>Prim. dr Tomislav Tre\u0107akov<\/strong><\/h2><\/div>\n\n\n\n<div class=\"wp-block-stackable-text stk-block-text stk-block stk-d6fc644\" data-block-id=\"d6fc644\"><p class=\"stk-block-text__text\">is a specialist in general medicine, who has been taking care of the health of his patients for 30 years with full commitment and maximum expertise. For many years, he has been working at the \"Novi Sad\" Health Center in the Department of General Medicine, and he was also the head of the dispensary in Sremska Kamenica. He was actively involved in numerous actions dedicated to the early detection of diabetes and risk factors for the onset of cardiovascular diseases and often gave lectures on these topics to residents of Novi Sad and suburban residents. In cooperation with the Institute for Public Health of Serbia \"M.J. Trampoline\" is active in anti-smoking drops. He also participated in the projects of the Institute for Pulmonary Diseases of Vojvodina on the palliative care of cancer patients. As a member of the Hilandar medical society, he stayed in the Holy Serbian Imperial Lavra of the Hilandar monastery on several occasions, providing health care to the monastery's brotherhood, reconstruction workers and numerous devotees. He is a teaching assistant, a mentor to general medicine residents at the Faculty of Medicine in Novi Sad, at the Department of General Medicine. He is a direct member of WONCA - World Organization of National Colleges, Academies and Academic Associations of General Practitioners\/Family Physicians and a member of EURACT - the European Association of General\/Family Medicine Teachers. Holder of numerous awards from DLV and SLD, the most significant of which is the Annual Award for the Protection of Public Health.<\/p><\/div>\n<\/div><\/div><\/div>\n\n\n\n<div class=\"wp-block-stackable-team-member stk-block-team-member stk-block stk-d9c33eb is-style-default\" data-block-id=\"d9c33eb\"><div class=\"stk-block-team-member__content stk-content-align stk-d9c33eb-column stk-container stk-d9c33eb-container stk-hover-parent\"><div class=\"stk-block-content stk-inner-blocks has-text-align-center\">\n<div class=\"wp-block-stackable-image stk-block-image stk-block stk-24d181f\" data-block-id=\"24d181f\"><style>.stk-24d181f .stk-img-wrapper{width:150px !important;height:150px !important}.stk-24d181f .stk-img-wrapper img,.stk-24d181f .stk-img-wrapper::after,.stk-24d181f .stk-img-wrapper::before{mask-image:url('data:image\/svg+xml;base64,PHN2ZyB4bWxucz0iaHR0cDovL3d3dy53My5vcmcvMjAwMC9zdmciIHZpZXdCb3g9IjAgMCAxMDAgMTAwIiBwcmVzZXJ2ZUFzcGVjdFJhdGlvPSJub25lIj48Y2lyY2xlIGN4PSI1MCIgY3k9IjUwIiByPSI1MCI+PC9jaXJjbGU+PC9zdmc+') !important;-webkit-mask-image:url('data:image\/svg+xml;base64,PHN2ZyB4bWxucz0iaHR0cDovL3d3dy53My5vcmcvMjAwMC9zdmciIHZpZXdCb3g9IjAgMCAxMDAgMTAwIiBwcmVzZXJ2ZUFzcGVjdFJhdGlvPSJub25lIj48Y2lyY2xlIGN4PSI1MCIgY3k9IjUwIiByPSI1MCI+PC9jaXJjbGU+PC9zdmc+') !important}<\/style><figure class=\"stk-img-wrapper stk-img--shape stk-image--shape-stretch\"><img loading=\"lazy\" decoding=\"async\" class=\"stk-img wp-image-950\" src=\"https:\/\/liman3dr.rs\/wp-content\/uploads\/2022\/12\/IMG-a5facc8c7f947d570cf0bd4866847f18-V.jpg\" width=\"1280\" height=\"853\" srcset=\"https:\/\/liman3dr.rs\/wp-content\/uploads\/2022\/12\/IMG-a5facc8c7f947d570cf0bd4866847f18-V.jpg 1280w, https:\/\/liman3dr.rs\/wp-content\/uploads\/2022\/12\/IMG-a5facc8c7f947d570cf0bd4866847f18-V-300x200.jpg 300w, https:\/\/liman3dr.rs\/wp-content\/uploads\/2022\/12\/IMG-a5facc8c7f947d570cf0bd4866847f18-V-1024x682.jpg 1024w, https:\/\/liman3dr.rs\/wp-content\/uploads\/2022\/12\/IMG-a5facc8c7f947d570cf0bd4866847f18-V-768x512.jpg 768w\" sizes=\"auto, (max-width: 1280px) 100vw, 1280px\" \/><\/figure><\/div>\n\n\n\n<div class=\"wp-block-stackable-heading stk-block-heading stk-block stk-9f0dbab\" id=\"strong-dr-jasmina-jelic-medic-strong\" data-block-id=\"9f0dbab\"><style>.stk-9f0dbab .stk-block-heading__text{margin:0 !important}<\/style><h2 class=\"stk-block-heading__text\"><strong>Dr Jasmina Jeli\u0107 Medi\u0107<\/strong><\/h2><\/div>\n\n\n\n<p>was born in 1980 in Novi Sad. She completed her basic medical studies at the Faculty of Medicine of the University of Novi Sad. During her studies, as the author of several scientific papers, she actively participated and attended international congresses of medical students. She was also one of the coordinators of the projects TBH - Teddy bear hospital (a project intended for children) and IMSCNS - International Medical Student's Congress in Novi Sad. After completing her medical studies, she worked as a family doctor in the \"Veljko Vlahovi\u0107\" Health Center - Vrbas, in the Ba\u010dko Dobro Polje Outpatient Clinic, and then in the Emergency Medical Service in Vrbas. Since 2015, she has been employed at the \"Novi Sad\" Health Center in the general medicine service and currently works at the Liman Dispensary. He is a member of the Medical Chamber of Vojvodina, and actively participates in continuing medical education programs.<br>She also completed specialist studies at the Faculty of Technical Sciences, module Management in Healthcare, in 2019. He speaks English, Russian and French. She is married, mother of two girls.<\/p>\n<\/div><\/div><\/div>","protected":false},"excerpt":{"rendered":"<p>Dr Vladimir Kraljevi\u0107 je diplomirao na Medicinskom fakultetu u Novom Sadu 1985. Ima vi\u0161egodi\u0161nje iskustvo u de\u010dijoj hirurgiji i drugim hirur\u0161kim disciplinama. Magistrirao na op\u0161toj hirurgiji . Radio na Medicinskom fakultetu Univerziteta Kejptaun (Juznoafricka republika) na Institutu za kardiolo\u0161ka istra\u017eivanja. Magistrirao na australisjkom univerzitetu Bond \u2013 MBA (master of business administration) Stekao je vi\u0161egodisnje iskustvo [&hellip;]<\/p>\n","protected":false},"author":1,"featured_media":0,"parent":0,"menu_order":0,"comment_status":"closed","ping_status":"closed","template":"","meta":{"footnotes":""},"class_list":["post-733","page","type-page","status-publish","hentry"],"blocksy_meta":{"styles_descriptor":{"styles":{"desktop":"","tablet":"","mobile":""},"google_fonts":[],"version":6},"page_title_panel":"","has_hero_section":"disabled","e68ceb4335ab7c119e2d5ec5b2d9188f":"","hero_section":"type-1","hero_elements":[{"id":"custom_title","enabled":true,"heading_tag":"h1","title":"Home"},{"id":"custom_description","enabled":true,"description_visibility":{"desktop":true,"tablet":true,"mobile":false}},{"id":"custom_meta","enabled":false,"meta_elements":[{"id":"author","enabled":true,"label":"By","has_author_avatar":"yes","avatar_size":25},{"id":"post_date","enabled":true,"label":"On","date_format_source":"default","date_format":"M j, Y"},{"id":"updated_date","enabled":false,"label":"On","date_format_source":"default","date_format":"M j, Y"},{"id":"categories","enabled":false,"label":"In","style":"simple"},{"id":"comments","enabled":true}],"page_meta_elements":{"joined":true,"articles_count":true,"comments":true}},{"id":"breadcrumbs","enabled":false}],"1bbc8c7500409e40d9f428a3492a7a93":"","hero_alignment1":"CT_CSS_SKIP_RULE","hero_margin":40,"hero_alignment2":"center","hero_vertical_alignment":"center","6474452ee5f78225228d7854efee24eb":"","hero_structure":"narrow","bf3f03cf9664cf2d7ca7fcdeafb15cb7":"","page_title_bg_type":"featured_image","custom_hero_background":{"attachment_id":null},"parallax":{"desktop":false,"tablet":false,"mobile":false},"e047d567e8f7b30027149198cc17396d":"","hero_height":"250px","pageTitleFont":{"family":"Default","variation":"Default","size":"30px","line-height":"CT_CSS_SKIP_RULE","letter-spacing":"CT_CSS_SKIP_RULE","text-transform":"CT_CSS_SKIP_RULE","text-decoration":"CT_CSS_SKIP_RULE"},"pageTitleFontColor":{"default":{"color":"CT_CSS_SKIP_RULEDEFAULT"}},"pageMetaFont":{"family":"Default","variation":"n6","size":"12px","line-height":"1.3","letter-spacing":"CT_CSS_SKIP_RULE","text-transform":"uppercase","text-decoration":"CT_CSS_SKIP_RULE"},"pageMetaFontColor":{"default":{"color":"CT_CSS_SKIP_RULEDEFAULT"},"hover":{"color":"CT_CSS_SKIP_RULEDEFAULT"}},"page_meta_button_type_font_colors":{"default":{"color":"CT_CSS_SKIP_RULEDEFAULT"},"hover":{"color":"CT_CSS_SKIP_RULEDEFAULT"}},"page_meta_button_type_background_colors":{"default":{"color":"CT_CSS_SKIP_RULEDEFAULT"},"hover":{"color":"CT_CSS_SKIP_RULEDEFAULT"}},"pageExcerptFont":{"family":"Default","variation":"Default","size":"CT_CSS_SKIP_RULE","line-height":"CT_CSS_SKIP_RULE","letter-spacing":"CT_CSS_SKIP_RULE","text-transform":"CT_CSS_SKIP_RULE","text-decoration":"CT_CSS_SKIP_RULE"},"pageExcerptColor":{"default":{"color":"CT_CSS_SKIP_RULEDEFAULT"}},"breadcrumbsFont":{"family":"Default","variation":"Default","size":"CT_CSS_SKIP_RULE","line-height":"CT_CSS_SKIP_RULE","letter-spacing":"CT_CSS_SKIP_RULE","text-transform":"CT_CSS_SKIP_RULE","text-decoration":"CT_CSS_SKIP_RULE"},"breadcrumbsFontColor":{"default":{"color":"CT_CSS_SKIP_RULEDEFAULT"},"initial":{"color":"CT_CSS_SKIP_RULEDEFAULT"},"hover":{"color":"CT_CSS_SKIP_RULEDEFAULT"}},"pageTitleOverlay":{"background_type":"color","background_pattern":"type-1","background_image":{"attachment_id":null,"x":0,"y":0},"gradient":"linear-gradient(135deg,rgba(6,147,227,1) 0%,rgb(155,81,224) 100%)","background_repeat":"repeat","background_size":"auto","background_attachment":"scroll","patternColor":{"default":{"color":"#e5e7ea"}},"overlayColor":{"default":{"color":"CT_CSS_SKIP_RULE"}},"backgroundColor":{"default":{"color":"CT_CSS_SKIP_RULE"}}},"pageTitleBackground":{"background_type":"color","background_pattern":"type-1","background_image":{"attachment_id":null,"x":0,"y":0},"gradient":"linear-gradient(135deg,rgba(6,147,227,1) 0%,rgb(155,81,224) 100%)","background_repeat":"repeat","background_size":"auto","background_attachment":"scroll","patternColor":{"default":{"color":"#e5e7ea"}},"overlayColor":{"default":{"color":"CT_CSS_SKIP_RULE"}},"backgroundColor":{"default":{"color":"var(--theme-palette-color-6)"}}},"pageTitlePadding":{"top":"50px","bottom":"50px","left":"auto","right":"auto","linked":true},"c802452ca6806b4afb83779dc4a4620a":"","page_structure_type":"default","f9550d0cc88839fa4ad31fbd035128c1":"","content_style_source":"inherit","content_style":"wide","vertical_spacing_source":"custom","content_area_spacing":"none","background":{"background_type":"color","background_pattern":"type-1","background_image":{"attachment_id":null,"x":0,"y":0},"gradient":"linear-gradient(135deg,rgba(6,147,227,1) 0%,rgb(155,81,224) 100%)","background_repeat":"repeat","background_size":"auto","background_attachment":"scroll","patternColor":{"default":{"color":"#e5e7ea"}},"overlayColor":{"default":{"color":"CT_CSS_SKIP_RULE"}},"backgroundColor":{"default":{"color":"CT_CSS_SKIP_RULE"}}},"content_background":{"background_type":"color","background_pattern":"type-1","background_image":{"attachment_id":null,"x":0,"y":0},"gradient":"linear-gradient(135deg,rgba(6,147,227,1) 0%,rgb(155,81,224) 100%)","background_repeat":"repeat","background_size":"auto","background_attachment":"scroll","patternColor":{"default":{"color":"#e5e7ea"}},"overlayColor":{"default":{"color":"CT_CSS_SKIP_RULE"}},"backgroundColor":{"default":{"color":"var(--theme-palette-color-8)"}}},"content_boxed_shadow":{"inherit":false,"blur":18,"spread":-6,"v_offset":12,"h_offset":0,"inset":false,"enable":true,"color":{"color":"rgba(34, 56, 101, 0.04)"}},"boxed_content_spacing":{"desktop":{"top":"40px","bottom":"40px","left":"40px","right":"40px","linked":true},"tablet":{"top":"35px","bottom":"35px","left":"35px","right":"35px","linked":true},"mobile":{"top":"20px","bottom":"20px","left":"20px","right":"20px","linked":true}},"content_boxed_radius":{"top":"3px","bottom":"3px","left":"3px","right":"3px","linked":true},"e2b811e882aacaee624ba2ce98848cb6":"","disable_featured_image":"no","disable_share_box":"no","disable_header":"no","disable_footer":"no"},"aioseo_notices":[],"_links":{"self":[{"href":"https:\/\/liman3dr.rs\/en\/wp-json\/wp\/v2\/pages\/733","targetHints":{"allow":["GET"]}}],"collection":[{"href":"https:\/\/liman3dr.rs\/en\/wp-json\/wp\/v2\/pages"}],"about":[{"href":"https:\/\/liman3dr.rs\/en\/wp-json\/wp\/v2\/types\/page"}],"author":[{"embeddable":true,"href":"https:\/\/liman3dr.rs\/en\/wp-json\/wp\/v2\/users\/1"}],"replies":[{"embeddable":true,"href":"https:\/\/liman3dr.rs\/en\/wp-json\/wp\/v2\/comments?post=733"}],"version-history":[{"count":0,"href":"https:\/\/liman3dr.rs\/en\/wp-json\/wp\/v2\/pages\/733\/revisions"}],"wp:attachment":[{"href":"https:\/\/liman3dr.rs\/en\/wp-json\/wp\/v2\/media?parent=733"}],"curies":[{"name":"wp","href":"https:\/\/api.w.org\/{rel}","templated":true}]}}